{"id":19321,"date":"2018-10-12T07:57:32","date_gmt":"2018-10-12T07:57:32","guid":{"rendered":"http:\/\/criteriabcn.com\/?page_id=19321"},"modified":"2021-04-21T12:32:24","modified_gmt":"2021-04-21T11:32:24","slug":"politica-privacidad","status":"publish","type":"page","link":"https:\/\/criteriabcn.com\/es\/politica-privacidad\/","title":{"rendered":"Pol\u00edtica de privacidad"},"content":{"rendered":"<div class=\"fusion-fullwidth fullwidth-box fusion-builder-row-1 fusion-flex-container nonhundred-percent-fullwidth non-hundred-percent-height-scrolling\" style=\"--awb-border-radius-top-left:0px;--awb-border-radius-top-right:0px;--awb-border-radius-bottom-right:0px;--awb-border-radius-bottom-left:0px;--awb-margin-top:30px;--awb-margin-bottom:50px;--awb-flex-wrap:wrap;\" ><div class=\"fusion-builder-row fusion-row fusion-flex-align-items-flex-start fusion-flex-content-wrap\" style=\"max-width:calc( 1100px + 0px );margin-left: calc(-0px \/ 2 );margin-right: calc(-0px \/ 2 );\"><div class=\"fusion-layout-column fusion_builder_column fusion-builder-column-0 fusion_builder_column_1_1 1_1 fusion-flex-column\" style=\"--awb-bg-size:cover;--awb-width-large:100%;--awb-margin-top-large:0px;--awb-spacing-right-large:0px;--awb-margin-bottom-large:0px;--awb-spacing-left-large:0px;--awb-width-medium:100%;--awb-spacing-right-medium:0px;--awb-spacing-left-medium:0px;--awb-width-small:100%;--awb-spacing-right-small:0px;--awb-spacing-left-small:0px;\"><div class=\"fusion-column-wrapper fusion-flex-justify-content-flex-start fusion-content-layout-column\"><div class=\"fusion-text fusion-text-1\"><h3><strong>Pol\u00edtica de privacidad<\/strong><\/h3>\n<p>La presente Pol\u00edtica de Privacidad puede actualizarse o adaptarse por los cambios que puedan producirse en la legislaci\u00f3n vigente o en la propia p\u00e1gina web. Por favor, l\u00e9ala detenidamente cada vez que facilite sus datos personales.<\/p>\n<p>La visita a esta p\u00e1gina web no supone que el usuario est\u00e9 obligado a facilitar ninguna informaci\u00f3n sobre s\u00ed mismo. No obstante, durante la visita es posible que se soliciten datos de car\u00e1cter personal a trav\u00e9s de formularios.<\/p>\n<p>Los datos que solicitamos en este sitio web son adecuados, pertinentes y estrictamente necesarios para poder prestarle los servicios ofrecidos y en ning\u00fan caso usted est\u00e1 obligado a facilit\u00e1rnoslos, si bien debe saber que su no comunicaci\u00f3n podr\u00e1 afectar o imposibilitar la prestaci\u00f3n del servicio.<\/p>\n<p>Con el consentimiento expreso que presta al aceptar la presente Pol\u00edtica de Privacidad antes de facilitarnos sus datos personales, usted nos da la base legal para su tratamiento.<\/p>\n<p>De acuerdo con la Ley Org\u00e1nica 03\/2018, de 05 de diciembre, de Protecci\u00f3n de Datos (LOPD) y el Reglamento General de Protecci\u00f3n de Datos (RGPD) y en base a los principios de transparencia, lealtad y licitud, detallamos a continuaci\u00f3n el tratamiento que realizaremos de sus datos de car\u00e1cter personal:<\/p>\n<p><strong>1.- RESPONSABLE DEL TRATAMIENTO<\/strong><\/p>\n<p>Sus datos personales formar\u00e1n parte del fichero Usuarios Web, cuyo destinatario y responsable del fichero y del tratamiento del mismo es:<\/p>\n<ol>\n<li style=\"list-style-type: none;\">\n<ol>\n<li>CRITERIA ARQUITECTOS, SLP<\/li>\n<li>CIF: B63422646<\/li>\n<li>Domicilio social: DOCTOR FLEMING, 11 1o 1a de BARCELONA, 08017 BARCELONA<\/li>\n<li>Email: criteria@criteriabcn.com<\/li>\n<li>Tel\u00e9fono: 922011515<\/li>\n<\/ol>\n<\/li>\n<\/ol>\n<p><strong>\u00a02.- <\/strong><strong>LEGITIMACI\u00d3N<\/strong><\/p>\n<p>La base legal para el tratamiento de datos es la ejecuci\u00f3n de la relaci\u00f3n contractual. Ser\u00e1 necesario que el cliente facilite a CRITERIA ARQUITECTOS, SLP. los datos que le sean requeridos como obligatorios. Si no se facilitan todos los datos de car\u00e1cter personal requeridos por CRITERIA ARQUITECTOS, SLP podr\u00eda implicar la resoluci\u00f3n de la relaci\u00f3n contractual. Adem\u00e1s, deber\u00e1 comunicar a RONDA 15, S.L. sus datos actuales para que CRITERIA ARQUITECTOS, SLP tenga la informaci\u00f3n actualizada y sin errores.<\/p>\n<p><strong>3.- FINALIDAD Y CONSERVACI\u00d3N DE LOS DATOS<\/strong><\/p>\n<p>Los datos de car\u00e1cter personal que nos facilite en este sitio web se tratar\u00e1n \u00fanica y exclusivamente con la finalidad de enviarle la informaci\u00f3n solicitada. Adem\u00e1s, si lo consiente expresamente, le podremos enviar comunicaciones electr\u00f3nicas con informaci\u00f3n de nuestros servicios y actividades que esperamos puedan ser de su inter\u00e9s. En caso de que sus datos sufran alguna modificaci\u00f3n, rogamos nos lo comunique a los datos de contacto que figuran m\u00e1s arriba con tal de poder mantenerlos actualizados y poder responder de la veracidad de los mismos.<\/p>\n<p>Conservaremos sus datos el tiempo imprescindible para poder llevar a cabo la finalidad para la cual nos los ha facilitado y para poder atender, en caso necesario, las responsabilidades y legales que pueden derivarse de ellos. Si no ejerce su derecho de oposici\u00f3n o cancelaci\u00f3n al tratamiento de sus datos, entenderemos que contin\u00faa interesado en seguir formando parte de nuestro fichero de Clientes mientras el tratamiento sea adecuado a la finalidad para la que se facilitaron.<\/p>\n<p>Usted puede retirar su consentimiento para cualquier finalidad concreta que hubiese aceptado previamente sin que tenga afectaci\u00f3n en la licitud del tratamiento basado en ese consentimiento.<\/p>\n<p><strong>4.- CESI\u00d3N DE LOS DATOS<\/strong><\/p>\n<p>Sus datos no ser\u00e1n comunicados a terceros salvo a empresas colaboradoras siempre que esta cesi\u00f3n conlleve una mejora del servicio para el cual se cedieron, exista obligaci\u00f3n legal o se le haya informado expresamente.<\/p>\n<p><strong>5.- DERECHOS DEL USUARIO SOBRE SUS DATOS PERSONALES<\/strong><\/p>\n<p>Le informamos de los derechos de que dispone al cedernos sus datos:<\/p>\n<ul>\n<li>Derecho al acceso a los datos<\/li>\n<li>Derecho de rectificaci\u00f3n<\/li>\n<li>Derecho de supresi\u00f3n<\/li>\n<li>Derecho de oposici\u00f3n<\/li>\n<li>Derecho a la portabilidad<\/li>\n<li>Derecho a la limitaci\u00f3n de su tratamiento<\/li>\n<\/ul>\n<p>Puede ejercer cualquiera de estos derechos comunic\u00e1ndolo por escrito a nuestro domicilio social que aparece m\u00e1s arriba o bien mediante correo electr\u00f3nico criteria@criteriabcn.com, siempre incluyendo fotocopia del Documento Nacional de Identidad o equivalente.<\/p>\n<p>Dispone de m\u00e1s informaci\u00f3n sobre sus derechos y de los formularios para ejercerlos en la p\u00e1gina web de la Agencia Espa\u00f1ola de Protecci\u00f3n de Datos, <a href=\"http:\/\/www.agpd.es\">www.agpd.es<\/a><\/p>\n<p><strong>6.- REDES SOCIALES<\/strong><\/p>\n<p>La visita a los perfiles p\u00fablicos de CRITERIA en redes sociales no supone la captaci\u00f3n de datos personales, a menos que se autorice expresamente.<\/p>\n<p><strong>7.- PROTECCI\u00d3N Y CONFIDENCIALIDAD DE SUS DATOS<\/strong><\/p>\n<p>Utilizamos medidas organizativas y t\u00e9cnicas para garantizar la seguridad y confidencialidad de sus datos personales, evitando su p\u00e9rdida, alteraci\u00f3n y tratamiento no autorizado. Nuestro personal ha sido formado y ha adoptado el compromiso de confidencialidad para su tratamiento.<\/p>\n<p><strong>8.- ENV\u00cdO DE COMUNICACIONES<\/strong><\/p>\n<p>Los datos empleados, o facilitados, en las comunicaciones informativas y\/o promocionales son tratados por CRITERIA para finalidades consistentes en el env\u00edo electr\u00f3nico de informaci\u00f3n y comunicaciones sobre servicios, actividades, publicaciones, y acontecimientos sociales y profesionales de CRITERIA o de terceros de la red de CRITERIA; el seguimiento y optimizaci\u00f3n de las campa\u00f1as de marketing realizadas mediante tecnolog\u00edas al efecto; y la elaboraci\u00f3n de perfiles con finalidades comerciales.<\/p>\n<p>Constituye base jur\u00eddica de los referidos tratamientos el consentimiento expreso otorgado por el Usuario. El consentimiento para el env\u00edo de dichas comunicaciones podr\u00e1 ser revocado en todo momento en cada una de las comunicaciones recibidas mediante el mecanismo habilitado al efecto.<\/p>\n<p>El criterio de conservaci\u00f3n de los datos tendr\u00e1 base en la manifestaci\u00f3n contraria al tratamiento por su parte. En todo caso, podr\u00e1n ejercitarse los derechos de acceso, rectificaci\u00f3n, supresi\u00f3n, oposici\u00f3n, limitaci\u00f3n del tratamiento y portabilidad, cuando resulte aplicable, mediante correo electr\u00f3nico a criteria@criteriabcn.com<\/p>\n<p>En caso de no obtener satisfacci\u00f3n en el ejercicio de sus derechos, podr\u00e1 presentar una reclamaci\u00f3n ante la Agencia Espa\u00f1ola de Protecci\u00f3n de Datos a trav\u00e9s de su sede electr\u00f3nica, en presentaci\u00f3n de una reclamaci\u00f3n de tutela de derechos.<\/p>\n<\/div><\/div><\/div><\/div><\/div>\n","protected":false},"excerpt":{"rendered":"","protected":false},"author":3,"featured_media":0,"parent":0,"menu_order":38,"comment_status":"closed","ping_status":"closed","template":"","meta":{"footnotes":""},"class_list":["post-19321","page","type-page","status-publish","hentry"],"yoast_head":"<!-- This site is optimized with the Yoast SEO plugin v24.1 - https:\/\/yoast.com\/wordpress\/plugins\/seo\/ -->\n<title>Pol\u00edtica de privacidad - Criteria BCN<\/title>\n<meta name=\"robots\" content=\"index, follow, max-snippet:-1, max-image-preview:large, max-video-preview:-1\" \/>\n<link rel=\"canonical\" href=\"https:\/\/criteriabcn.com\/es\/politica-privacidad\/\" \/>\n<meta property=\"og:locale\" content=\"es_ES\" \/>\n<meta property=\"og:type\" content=\"article\" \/>\n<meta property=\"og:title\" content=\"Pol\u00edtica de privacidad - Criteria BCN\" \/>\n<meta property=\"og:url\" content=\"https:\/\/criteriabcn.com\/es\/politica-privacidad\/\" \/>\n<meta property=\"og:site_name\" content=\"Criteria BCN\" \/>\n<meta property=\"article:modified_time\" content=\"2021-04-21T11:32:24+00:00\" \/>\n<meta name=\"twitter:card\" content=\"summary_large_image\" \/>\n<meta name=\"twitter:label1\" content=\"Tiempo de lectura\" \/>\n\t<meta name=\"twitter:data1\" content=\"6 minutos\" \/>\n<script type=\"application\/ld+json\" class=\"yoast-schema-graph\">{\"@context\":\"https:\/\/schema.org\",\"@graph\":[{\"@type\":\"WebPage\",\"@id\":\"https:\/\/criteriabcn.com\/es\/politica-privacidad\/\",\"url\":\"https:\/\/criteriabcn.com\/es\/politica-privacidad\/\",\"name\":\"Pol\u00edtica de privacidad - Criteria BCN\",\"isPartOf\":{\"@id\":\"https:\/\/criteriabcn.com\/es\/#website\"},\"datePublished\":\"2018-10-12T07:57:32+00:00\",\"dateModified\":\"2021-04-21T11:32:24+00:00\",\"breadcrumb\":{\"@id\":\"https:\/\/criteriabcn.com\/es\/politica-privacidad\/#breadcrumb\"},\"inLanguage\":\"es\",\"potentialAction\":[{\"@type\":\"ReadAction\",\"target\":[\"https:\/\/criteriabcn.com\/es\/politica-privacidad\/\"]}]},{\"@type\":\"BreadcrumbList\",\"@id\":\"https:\/\/criteriabcn.com\/es\/politica-privacidad\/#breadcrumb\",\"itemListElement\":[{\"@type\":\"ListItem\",\"position\":1,\"name\":\"Inici\",\"item\":\"https:\/\/criteriabcn.com\/es\/\"},{\"@type\":\"ListItem\",\"position\":2,\"name\":\"Pol\u00edtica de privacidad\"}]},{\"@type\":\"WebSite\",\"@id\":\"https:\/\/criteriabcn.com\/es\/#website\",\"url\":\"https:\/\/criteriabcn.com\/es\/\",\"name\":\"Criteria BCN\",\"description\":\"La arquitectura de los sentidos\",\"potentialAction\":[{\"@type\":\"SearchAction\",\"target\":{\"@type\":\"EntryPoint\",\"urlTemplate\":\"https:\/\/criteriabcn.com\/es\/?s={search_term_string}\"},\"query-input\":{\"@type\":\"PropertyValueSpecification\",\"valueRequired\":true,\"valueName\":\"search_term_string\"}}],\"inLanguage\":\"es\"}]}<\/script>\n<!-- \/ Yoast SEO plugin. -->","yoast_head_json":{"title":"Pol\u00edtica de privacidad - Criteria BCN","robots":{"index":"index","follow":"follow","max-snippet":"max-snippet:-1","max-image-preview":"max-image-preview:large","max-video-preview":"max-video-preview:-1"},"canonical":"https:\/\/criteriabcn.com\/es\/politica-privacidad\/","og_locale":"es_ES","og_type":"article","og_title":"Pol\u00edtica de privacidad - Criteria BCN","og_url":"https:\/\/criteriabcn.com\/es\/politica-privacidad\/","og_site_name":"Criteria BCN","article_modified_time":"2021-04-21T11:32:24+00:00","twitter_card":"summary_large_image","twitter_misc":{"Tiempo de lectura":"6 minutos"},"schema":{"@context":"https:\/\/schema.org","@graph":[{"@type":"WebPage","@id":"https:\/\/criteriabcn.com\/es\/politica-privacidad\/","url":"https:\/\/criteriabcn.com\/es\/politica-privacidad\/","name":"Pol\u00edtica de privacidad - Criteria BCN","isPartOf":{"@id":"https:\/\/criteriabcn.com\/es\/#website"},"datePublished":"2018-10-12T07:57:32+00:00","dateModified":"2021-04-21T11:32:24+00:00","breadcrumb":{"@id":"https:\/\/criteriabcn.com\/es\/politica-privacidad\/#breadcrumb"},"inLanguage":"es","potentialAction":[{"@type":"ReadAction","target":["https:\/\/criteriabcn.com\/es\/politica-privacidad\/"]}]},{"@type":"BreadcrumbList","@id":"https:\/\/criteriabcn.com\/es\/politica-privacidad\/#breadcrumb","itemListElement":[{"@type":"ListItem","position":1,"name":"Inici","item":"https:\/\/criteriabcn.com\/es\/"},{"@type":"ListItem","position":2,"name":"Pol\u00edtica de privacidad"}]},{"@type":"WebSite","@id":"https:\/\/criteriabcn.com\/es\/#website","url":"https:\/\/criteriabcn.com\/es\/","name":"Criteria BCN","description":"La arquitectura de los sentidos","potentialAction":[{"@type":"SearchAction","target":{"@type":"EntryPoint","urlTemplate":"https:\/\/criteriabcn.com\/es\/?s={search_term_string}"},"query-input":{"@type":"PropertyValueSpecification","valueRequired":true,"valueName":"search_term_string"}}],"inLanguage":"es"}]}},"_links":{"self":[{"href":"https:\/\/criteriabcn.com\/es\/wp-json\/wp\/v2\/pages\/19321","targetHints":{"allow":["GET"]}}],"collection":[{"href":"https:\/\/criteriabcn.com\/es\/wp-json\/wp\/v2\/pages"}],"about":[{"href":"https:\/\/criteriabcn.com\/es\/wp-json\/wp\/v2\/types\/page"}],"author":[{"embeddable":true,"href":"https:\/\/criteriabcn.com\/es\/wp-json\/wp\/v2\/users\/3"}],"replies":[{"embeddable":true,"href":"https:\/\/criteriabcn.com\/es\/wp-json\/wp\/v2\/comments?post=19321"}],"version-history":[{"count":4,"href":"https:\/\/criteriabcn.com\/es\/wp-json\/wp\/v2\/pages\/19321\/revisions"}],"predecessor-version":[{"id":21299,"href":"https:\/\/criteriabcn.com\/es\/wp-json\/wp\/v2\/pages\/19321\/revisions\/21299"}],"wp:attachment":[{"href":"https:\/\/criteriabcn.com\/es\/wp-json\/wp\/v2\/media?parent=19321"}],"curies":[{"name":"wp","href":"https:\/\/api.w.org\/{rel}","templated":true}]}}