{"id":20131,"date":"2019-03-26T22:24:24","date_gmt":"2019-03-26T21:24:24","guid":{"rendered":"http:\/\/criteriabcn.com\/?page_id=20131"},"modified":"2021-04-21T12:23:41","modified_gmt":"2021-04-21T11:23:41","slug":"politica-de-cookies","status":"publish","type":"page","link":"https:\/\/criteriabcn.com\/es\/politica-de-cookies\/","title":{"rendered":"Pol\u00edtica de cookies"},"content":{"rendered":"<div class=\"fusion-fullwidth fullwidth-box fusion-builder-row-1 fusion-flex-container nonhundred-percent-fullwidth non-hundred-percent-height-scrolling\" style=\"--awb-border-radius-top-left:0px;--awb-border-radius-top-right:0px;--awb-border-radius-bottom-right:0px;--awb-border-radius-bottom-left:0px;--awb-flex-wrap:wrap;\" ><div class=\"fusion-builder-row fusion-row fusion-flex-align-items-flex-start fusion-flex-content-wrap\" style=\"max-width:calc( 1100px + 0px );margin-left: calc(-0px \/ 2 );margin-right: calc(-0px \/ 2 );\"><div class=\"fusion-layout-column fusion_builder_column fusion-builder-column-0 fusion_builder_column_1_1 1_1 fusion-flex-column\" style=\"--awb-bg-size:cover;--awb-width-large:100%;--awb-margin-top-large:0px;--awb-spacing-right-large:0px;--awb-margin-bottom-large:20px;--awb-spacing-left-large:0px;--awb-width-medium:100%;--awb-spacing-right-medium:0px;--awb-spacing-left-medium:0px;--awb-width-small:100%;--awb-spacing-right-small:0px;--awb-spacing-left-small:0px;\"><div class=\"fusion-column-wrapper fusion-flex-justify-content-flex-start fusion-content-layout-column\"><div class=\"fusion-text fusion-text-1\"><h3>Pol\u00edtica de cookies<\/h3>\n<p>Mediante la presente Pol\u00edtica de Cookies, detallamos el uso que hacemos de las cookies:<\/p>\n<p><strong>\u00bfQu\u00e9 son las <em>cookies<\/em>?<\/strong><\/p>\n<p>Las <em>cookies<\/em> son peque\u00f1os archivos de datos que se reciben en el terminal desde el sitio web visitado y se usan para registrar ciertas interacciones de la navegaci\u00f3n en un sitio web almacenando datos que podr\u00e1n ser actualizados y recuperados. Estos archivos se almacenan en el ordenador del usuario y contienen datos an\u00f3nimos que no son perjudiciales para su equipo. Se utilizan para recordar las preferencias del usuario, como el idioma seleccionado, datos de acceso o personalizaci\u00f3n de la p\u00e1gina.<\/p>\n<p>Las <em>cookies <\/em>tambi\u00e9n pueden ser utilizadas para registrar informaci\u00f3n an\u00f3nima acerca de c\u00f3mo un visitante utiliza un sitio. Por ejemplo, desde qu\u00e9 p\u00e1gina web ha accedido o si ha utilizado un banner publicitario para llegar.<\/p>\n<p><strong>\u00bfPor qu\u00e9 <\/strong><strong>CRITERIA<\/strong><strong> utiliza <em>cookies<\/em>?<\/strong><\/p>\n<p>CRITERIA utiliza <em>cookies<\/em> estrictamente necesarias y esenciales para que usted utilice nuestro sitio web y le permitan moverse libremente, utilizar \u00e1reas seguras, opciones personalizadas, etc. Adem\u00e1s, utilizamos <em>cookies <\/em>que recogen datos relativos al an\u00e1lisis de uso de la web. \u00c9stas se utilizan para ayudar a mejorar el servicio al cliente, midiendo el uso y el rendimiento de la p\u00e1gina para optimizarla y personalizarla. Nuestros sitios tambi\u00e9n pueden tener enlaces de redes sociales u otras p\u00e1ginas web, de las que CRITERIA no controla las <em>cookies<\/em> utilizadas. Para m\u00e1s informaci\u00f3n sobre las <em>cookies<\/em> de las redes sociales u otras webs ajenas, le aconsejamos revisar sus propias pol\u00edticas de <em>cookies<\/em>.<\/p>\n<p><strong>\u00bfQu\u00e9 uso les damos a los diferentes tipos de <em>cookies<\/em>?<\/strong><\/p>\n<table width=\"608\">\n<tbody>\n<tr>\n<td width=\"88\"><strong><em>Cookies<\/em><\/strong><strong> de sesi\u00f3n<\/strong><\/td>\n<td width=\"520\">Las <em>cookies<\/em> de sesi\u00f3n son aquellas que duran el tiempo que el usuario est\u00e1 navegando por la p\u00e1gina web y se borran al t\u00e9rmino.<\/td>\n<\/tr>\n<tr>\n<td width=\"88\"><strong><em>Cookies <\/em><\/strong><strong>persistentes<\/strong><\/td>\n<td width=\"520\">Estas <em>cookies<\/em> quedan almacenadas en el terminal del usuario por un tiempo m\u00e1s largo, facilitando as\u00ed el control de las preferencias elegidas sin tener que repetir ciertos par\u00e1metros cada vez que se visite el sitio web.<\/td>\n<\/tr>\n<tr>\n<td width=\"88\"><strong><em>Cookies <\/em><\/strong><strong>propias<\/strong><\/td>\n<td width=\"520\">Son cookies creadas por este sitios web y que solo puede leer el propio sitio. En la web <a href=\"www.criteriabcn.com\">www.criteriabcn.com<\/a>, se instalan <em>cookies<\/em> propias persistentes con las siguientes finalidades:<\/p>\n<p>\u25cf\u00a0\u00a0\u00a0\u00a0\u00a0 T\u00e9cnicas: Estas <em>cookies<\/em> sirven para controlaran la carga de las im\u00e1genes que aparecen en la home, en funci\u00f3n de los par\u00e1metros que se hayan programado (tiempo, n\u00ba de veces visto, etc..). Sirven adem\u00e1s para permitir el acceso a determinadas partes de la web y para ubicar al usuario.<\/p>\n<p>\u25cf\u00a0\u00a0\u00a0\u00a0\u00a0 Personalizaci\u00f3n: Estas <em>cookies<\/em> se utilizan para recordar la configuraci\u00f3n del tama\u00f1o seleccionado en la visualizaci\u00f3n de los contenidos web y poder mostrarlo en las pr\u00f3ximas visitas del usuario.<\/p>\n<p>\u25cf\u00a0\u00a0\u00a0\u00a0\u00a0 An\u00e1lisis: <em>Cookies<\/em> que permiten seguir el tr\u00e1fico entrante al sitio web para realizar estad\u00edsticas de visitas.<\/td>\n<\/tr>\n<tr>\n<td width=\"88\"><strong><em>Cookies<\/em><\/strong><strong> de terceros<\/strong><\/td>\n<td width=\"520\">Son <em>cookies<\/em> creadas por terceros y que utilizamos para diferentes servicios (p.ej. an\u00e1lisis del sitio web o publicidad)<\/td>\n<\/tr>\n<\/tbody>\n<\/table>\n<p>En particular, este sitio Web utiliza Google Analytics, un servicio anal\u00edtico de web prestado por Google, Inc. con domicilio en los Estados Unidos con sede central en 1600 Amphitheatre Parkway, Mountain View, California 94043. Para la prestaci\u00f3n de estos servicios, estos utilizan cookies que recopilan la informaci\u00f3n, incluida la direcci\u00f3n IP del usuario, que ser\u00e1 transmitida, tratada y almacenada por Google en los t\u00e9rminos fijados en la Web Google.com. Incluyendo la posible transmisi\u00f3n de dicha informaci\u00f3n a terceros por razones de exigencia legal o cuando dichos terceros procesen la informaci\u00f3n por cuenta de Google.<\/p>\n<p>A continuaci\u00f3n se detallan tanto los terceros que pueden configurar y acceder a <em>Cookies<\/em> (no exentas de informaci\u00f3n y consentimiento) de su equipo como las finalidades con las que es utilizada la informaci\u00f3n que almacenan:<\/p>\n<table width=\"609\">\n<tbody>\n<tr>\n<td width=\"137\"><strong>Finalidad<\/strong><\/td>\n<td width=\"328\"><strong>Descripci\u00f3n<\/strong><\/td>\n<td width=\"144\"><strong>Terceros<\/strong><\/td>\n<\/tr>\n<tr>\n<td width=\"137\"><strong><em>Cookies <\/em><\/strong><strong>t\u00e9cnicas<\/strong><\/td>\n<td width=\"328\">Sirven para controlar el tr\u00e1fico y la comunicaci\u00f3n de datos utilizando para ello elementos de seguridad durante la navegaci\u00f3n. Tambi\u00e9n sirven para la identificaci\u00f3n y mantenimiento de la sesi\u00f3n del usuario, para almacenar contenidos en la difusi\u00f3n de videos o sonidos y para compartir contenido con redes sociales (plug-in).<\/td>\n<td width=\"144\">\u25cf\u00a0\u00a0\u00a0\u00a0\u00a0 <a href=\"http:\/\/www.google.es\/intl\/es\/policies\/technologies\/types\/\">Google<\/a><\/p>\n<p>\u25cf\u00a0\u00a0\u00a0\u00a0\u00a0 <a href=\"http:\/\/www.google.es\/intl\/es\/policies\/technologies\/types\/\">YouTube<\/a><\/p>\n<p>\u25cf\u00a0\u00a0\u00a0\u00a0\u00a0 <a href=\"https:\/\/www.facebook.com\/help\/cookies\/?ref=sitefooter\">Facebook<\/a><\/p>\n<p>\u25cf\u00a0\u00a0\u00a0\u00a0\u00a0 <a href=\"https:\/\/support.twitter.com\/articles\/20170514-twitters-use-of-cookies-and-similar-technologies\">Twitter<\/a><\/p>\n<p>\u25cf\u00a0\u00a0\u00a0\u00a0\u00a0 <a href=\"https:\/\/www.linkedin.com\/legal\/cookie_policy\">LinkedIn<\/a><\/p>\n<p>\u25cf\u00a0\u00a0\u00a0\u00a0\u00a0 <a href=\"https:\/\/www.uservoice.com\/privacy\/\">UserVoice<\/a><\/p>\n<p>\u25cf\u00a0\u00a0\u00a0\u00a0\u00a0 <a href=\"http:\/\/tealium.com\/privacy\/\">Tealium<\/a><\/td>\n<\/tr>\n<tr>\n<td width=\"137\"><strong><em>Cookies<\/em><\/strong><strong> de personalizaci\u00f3n<\/strong><\/td>\n<td width=\"328\">Estas <em>cookies<\/em> permiten al usuario especificar o personalizar algunas caracter\u00edsticas de las opciones generales de la p\u00e1gina web. Por ejemplo, definir el idioma, el volumen seleccionado como preferido, la configuraci\u00f3n regional del servicio, el tipo de navegador o el n\u00famero de resultados mostrados por cada p\u00e1gina.<\/td>\n<td width=\"144\">\u25cf\u00a0\u00a0\u00a0\u00a0\u00a0 <a href=\"http:\/\/www.google.es\/intl\/es\/policies\/technologies\/types\/\">YouTube<\/a><\/p>\n<p>\u25cf\u00a0\u00a0\u00a0\u00a0\u00a0 <a href=\"https:\/\/www.facebook.com\/help\/cookies\/?ref=sitefooter\">Facebook<\/a><\/td>\n<\/tr>\n<tr>\n<td width=\"137\"><strong>Cookies anal\u00edticas<\/strong><\/td>\n<td width=\"328\">Herramienta de anal\u00edtica que ayuda a los sitios web a entender el modo en que los visitantes interact\u00faan con la web. Puede utilizar un conjunto de cookies para recopilar informaci\u00f3n e informar de las estad\u00edsticas de uso de los sitios web sin identificar personalmente a los visitantes.<\/td>\n<td width=\"144\">\u25cf\u00a0\u00a0\u00a0\u00a0\u00a0 <a href=\"https:\/\/developers.google.com\/analytics\/devguides\/collection\/analyticsjs\/cookie-usage\">Google Analytics<\/a><\/p>\n<p>\u25cf\u00a0\u00a0\u00a0\u00a0\u00a0 <a href=\"http:\/\/www.google.es\/intl\/es\/policies\/technologies\/types\/\">YouTube<\/a><\/p>\n<p>\u25cf\u00a0\u00a0\u00a0\u00a0\u00a0 <a href=\"https:\/\/support.twitter.com\/articles\/20170514-twitters-use-of-cookies-and-similar-technologies\">Twitter<\/a><\/p>\n<p>\u25cf\u00a0\u00a0\u00a0\u00a0\u00a0 <a href=\"http:\/\/www.adobe.com\/es\/privacy\/analytics.html\">Adobe Analytics<\/a><\/td>\n<\/tr>\n<tr>\n<td width=\"137\"><strong>Cookies publicitarias<\/strong><\/td>\n<td width=\"328\">Las <em>cookies<\/em> publicitarias permiten la gesti\u00f3n de los espacios publicitarios de la web en base a criterios concretos. Por ejemplo, la frecuencia de acceso, el contenido editado, etc.<\/td>\n<td width=\"144\">\u25cf\u00a0\u00a0\u00a0\u00a0\u00a0 <a href=\"https:\/\/support.google.com\/adsense\/answer\/2839090?hl=es\">DoubleClick<\/a><\/p>\n<p>\u25cf\u00a0\u00a0\u00a0\u00a0\u00a0 <a href=\"http:\/\/www.google.es\/intl\/es\/policies\/technologies\/types\/\">Google<\/a><\/p>\n<p>\u25cf\u00a0\u00a0\u00a0\u00a0\u00a0 <a href=\"http:\/\/www.criteo.com\/es\/privacy\/\">Criteo<\/a><\/p>\n<p>\u25cf\u00a0\u00a0\u00a0\u00a0\u00a0 <a href=\"http:\/\/www.adgravity.com\/privacy\">Adgravity<\/a><\/p>\n<p>\u25cf\u00a0\u00a0\u00a0\u00a0\u00a0 <a href=\"https:\/\/site.adform.com\/privacy-center\/platform-privacy\/\">Adform<\/a><\/p>\n<p>\u25cf\u00a0\u00a0\u00a0\u00a0\u00a0 <a href=\"https:\/\/marketing.adobe.com\/resources\/help\/en_US\/aam\/c_data_security_and_privacy.html\">Adobe<\/a><\/p>\n<p>\u25cf\u00a0\u00a0\u00a0\u00a0\u00a0 <a href=\"https:\/\/www.eulerian.com\/en\/privacy\/\">Eulerian<\/a><\/p>\n<p>\u25cf\u00a0\u00a0\u00a0\u00a0\u00a0 <a href=\"https:\/\/weborama.com\/e-privacy\/\">Weborama<\/a><\/td>\n<\/tr>\n<tr>\n<td width=\"137\"><strong><em>Cookies<\/em><\/strong><strong> flash<\/strong><\/td>\n<td width=\"328\">Tambi\u00e9n utilizamos <em>cookies<\/em> flash para almacenar sus preferencias como el control del volumen o para mostrar contenido bas\u00e1ndose en lo que consulta en nuestro sitio web para personalizar la visita. Terceras empresas, con las que colaboramos para proporcionar determinadas caracter\u00edsticas en nuestro sitio web, utilizan <em>cookies<\/em> flash para recopilar y almacenar datos de car\u00e1cter no personal.<\/p>\n<p>Las <em>cookies<\/em> flash son diferentes a las <em>cookies<\/em> de sesi\u00f3n o persistentes en cuanto a la cantidad, el tipo y el modo de almacenar los datos. Las herramientas de gesti\u00f3n de las <em>cookies<\/em> proporcionadas por su navegador no eliminar\u00e1n las <em>cookies<\/em> flash.<\/td>\n<td width=\"144\"><\/td>\n<\/tr>\n<\/tbody>\n<\/table>\n<p><strong>\u00bfC\u00f3mo puedo cambiar la configuraci\u00f3n de las <em>cookies<\/em>?<\/strong><\/p>\n<p><a href=\"http:\/\/windows.microsoft.com\/es-es\/windows-vista\/block-or-allow-cookies\">Configuraci\u00f3n de <em>cookies<\/em> de Internet Explorer<\/a><br \/>\n<a href=\"http:\/\/support.mozilla.org\/es\/kb\/habilitar-y-deshabilitar-cookies-que-los-sitios-we\">Configuraci\u00f3n de <em>cookies<\/em> de Firefox<\/a><br \/>\n<a href=\"http:\/\/support.google.com\/chrome\/bin\/answer.py?hl=es&amp;answer=95647\">Configuraci\u00f3n de <em>cookies<\/em> de Google Chrome<\/a><br \/>\n<a href=\"http:\/\/www.apple.com\/legal\/privacy\/es\/cookies\/\">Configuraci\u00f3n de <em>cookies<\/em> de Safari<\/a><br \/>\n<a href=\"http:\/\/www.macromedia.com\/support\/documentation\/es\/flashplayer\/help\/settings_manager03.html\">Configuraci\u00f3n de cookies Flash<\/a><\/p>\n<p>Si desea no permitir almacenar ning\u00fan tipo de dato de flash player, deseleccione las casillas \u201cPermitir que el contenido de Flash almacene informaci\u00f3n en el equipo\u201d y \u201cAlmacenar los componentes comunes de Flash para reducir los tiempos de descarga\u201d. Si desea limitar la cantidad de datos recogidos por las aplicaciones flash deslice el indicador de la barra del panel de configuraci\u00f3n global de almacenamiento en la posici\u00f3n que desee.<\/p>\n<p>Estos navegadores est\u00e1n sometidos a actualizaciones o modificaciones, por lo que no podemos garantizar que se ajusten completamente a la versi\u00f3n de su navegador. Tambi\u00e9n puede ser que utilice otro navegador no contemplado en estos enlaces como Konqueror, Arora, Flock, etc. Para evitar estos desajustes, puede acceder directamente desde las opciones de su navegador, generalmente en el men\u00fa de \u00abOpciones\u00bb en la secci\u00f3n de \u00abPrivacidad\u00bb. (Por favor, consulte la ayuda de su navegador para m\u00e1s informaci\u00f3n.)<\/p>\n<p><strong>Revocaci\u00f3n del consentimiento<\/strong><\/p>\n<p>Tambi\u00e9n es posible limitar como las webs de terceros instalan cookies en su ordenador, para evitar la recolecci\u00f3n de datos y registro de su actividad de navegaci\u00f3n. Para limitar el uso de <em>cookies<\/em> de terceros puede dirigirse a la web de configuraci\u00f3n u OptOut:<\/p>\n<ul>\n<li><a href=\"https:\/\/tools.google.com\/dlpage\/gaoptout?hl=None\">Google Analytics<\/a><\/li>\n<li><a href=\"https:\/\/www.google.com\/settings\/ads\/plugin\">DoubleClick<\/a><\/li>\n<li><a href=\"https:\/\/www.google.com\/settings\/ads\">Google<\/a><\/li>\n<li><a href=\"http:\/\/www.macromedia.com\/support\/documentation\/es\/flashplayer\/help\/settings_manager07.html\">Flash Cookies YouTube<\/a><\/li>\n<\/ul>\n<p>Seleccione la opci\u00f3n \u201cEliminar todos los sitios\u201d o seleccione la web espec\u00edfica que desee borrar y \u201cEliminar Sitio Web\u201d.<\/p>\n<p>Tenga en cuenta que si rechaza o borra las <em>cookies<\/em> de navegaci\u00f3n, no podremos mantener sus preferencias, algunas caracter\u00edsticas de las p\u00e1ginas no estar\u00e1n operativas, no podremos ofrecerle servicios personalizados y cada vez que vaya a navegar por nuestra web tendremos que solicitarle de nuevo su autorizaci\u00f3n para el uso de <em>cookies<\/em>.<\/p>\n<p>Si aun as\u00ed decide modificar la configuraci\u00f3n de su acceso a la p\u00e1gina web, debe saber que es posible eliminar las cookies o impedir que se registre esta informaci\u00f3n en su equipo en cualquier momento mediante la modificaci\u00f3n de los par\u00e1metros de configuraci\u00f3n de su navegador.<\/p>\n<\/div><\/div><\/div><\/div><\/div>\n","protected":false},"excerpt":{"rendered":"","protected":false},"author":3,"featured_media":0,"parent":0,"menu_order":0,"comment_status":"closed","ping_status":"closed","template":"","meta":{"footnotes":""},"class_list":["post-20131","page","type-page","status-publish","hentry"],"yoast_head":"<!-- This site is optimized with the Yoast SEO plugin v24.1 - https:\/\/yoast.com\/wordpress\/plugins\/seo\/ -->\n<title>Pol\u00edtica de cookies - Criteria BCN<\/title>\n<meta name=\"robots\" content=\"index, follow, max-snippet:-1, max-image-preview:large, max-video-preview:-1\" \/>\n<link rel=\"canonical\" href=\"https:\/\/criteriabcn.com\/es\/politica-de-cookies\/\" \/>\n<meta property=\"og:locale\" content=\"es_ES\" \/>\n<meta property=\"og:type\" content=\"article\" \/>\n<meta property=\"og:title\" content=\"Pol\u00edtica de cookies - Criteria BCN\" \/>\n<meta property=\"og:url\" content=\"https:\/\/criteriabcn.com\/es\/politica-de-cookies\/\" \/>\n<meta property=\"og:site_name\" content=\"Criteria BCN\" \/>\n<meta property=\"article:modified_time\" content=\"2021-04-21T11:23:41+00:00\" \/>\n<meta name=\"twitter:card\" content=\"summary_large_image\" \/>\n<meta name=\"twitter:label1\" content=\"Tiempo de lectura\" \/>\n\t<meta name=\"twitter:data1\" content=\"8 minutos\" \/>\n<script type=\"application\/ld+json\" class=\"yoast-schema-graph\">{\"@context\":\"https:\/\/schema.org\",\"@graph\":[{\"@type\":\"WebPage\",\"@id\":\"https:\/\/criteriabcn.com\/es\/politica-de-cookies\/\",\"url\":\"https:\/\/criteriabcn.com\/es\/politica-de-cookies\/\",\"name\":\"Pol\u00edtica de cookies - Criteria BCN\",\"isPartOf\":{\"@id\":\"https:\/\/criteriabcn.com\/es\/#website\"},\"datePublished\":\"2019-03-26T21:24:24+00:00\",\"dateModified\":\"2021-04-21T11:23:41+00:00\",\"breadcrumb\":{\"@id\":\"https:\/\/criteriabcn.com\/es\/politica-de-cookies\/#breadcrumb\"},\"inLanguage\":\"es\",\"potentialAction\":[{\"@type\":\"ReadAction\",\"target\":[\"https:\/\/criteriabcn.com\/es\/politica-de-cookies\/\"]}]},{\"@type\":\"BreadcrumbList\",\"@id\":\"https:\/\/criteriabcn.com\/es\/politica-de-cookies\/#breadcrumb\",\"itemListElement\":[{\"@type\":\"ListItem\",\"position\":1,\"name\":\"Inici\",\"item\":\"https:\/\/criteriabcn.com\/es\/\"},{\"@type\":\"ListItem\",\"position\":2,\"name\":\"Pol\u00edtica de cookies\"}]},{\"@type\":\"WebSite\",\"@id\":\"https:\/\/criteriabcn.com\/es\/#website\",\"url\":\"https:\/\/criteriabcn.com\/es\/\",\"name\":\"Criteria BCN\",\"description\":\"La arquitectura de los sentidos\",\"potentialAction\":[{\"@type\":\"SearchAction\",\"target\":{\"@type\":\"EntryPoint\",\"urlTemplate\":\"https:\/\/criteriabcn.com\/es\/?s={search_term_string}\"},\"query-input\":{\"@type\":\"PropertyValueSpecification\",\"valueRequired\":true,\"valueName\":\"search_term_string\"}}],\"inLanguage\":\"es\"}]}<\/script>\n<!-- \/ Yoast SEO plugin. -->","yoast_head_json":{"title":"Pol\u00edtica de cookies - Criteria BCN","robots":{"index":"index","follow":"follow","max-snippet":"max-snippet:-1","max-image-preview":"max-image-preview:large","max-video-preview":"max-video-preview:-1"},"canonical":"https:\/\/criteriabcn.com\/es\/politica-de-cookies\/","og_locale":"es_ES","og_type":"article","og_title":"Pol\u00edtica de cookies - Criteria BCN","og_url":"https:\/\/criteriabcn.com\/es\/politica-de-cookies\/","og_site_name":"Criteria BCN","article_modified_time":"2021-04-21T11:23:41+00:00","twitter_card":"summary_large_image","twitter_misc":{"Tiempo de lectura":"8 minutos"},"schema":{"@context":"https:\/\/schema.org","@graph":[{"@type":"WebPage","@id":"https:\/\/criteriabcn.com\/es\/politica-de-cookies\/","url":"https:\/\/criteriabcn.com\/es\/politica-de-cookies\/","name":"Pol\u00edtica de cookies - Criteria BCN","isPartOf":{"@id":"https:\/\/criteriabcn.com\/es\/#website"},"datePublished":"2019-03-26T21:24:24+00:00","dateModified":"2021-04-21T11:23:41+00:00","breadcrumb":{"@id":"https:\/\/criteriabcn.com\/es\/politica-de-cookies\/#breadcrumb"},"inLanguage":"es","potentialAction":[{"@type":"ReadAction","target":["https:\/\/criteriabcn.com\/es\/politica-de-cookies\/"]}]},{"@type":"BreadcrumbList","@id":"https:\/\/criteriabcn.com\/es\/politica-de-cookies\/#breadcrumb","itemListElement":[{"@type":"ListItem","position":1,"name":"Inici","item":"https:\/\/criteriabcn.com\/es\/"},{"@type":"ListItem","position":2,"name":"Pol\u00edtica de cookies"}]},{"@type":"WebSite","@id":"https:\/\/criteriabcn.com\/es\/#website","url":"https:\/\/criteriabcn.com\/es\/","name":"Criteria BCN","description":"La arquitectura de los sentidos","potentialAction":[{"@type":"SearchAction","target":{"@type":"EntryPoint","urlTemplate":"https:\/\/criteriabcn.com\/es\/?s={search_term_string}"},"query-input":{"@type":"PropertyValueSpecification","valueRequired":true,"valueName":"search_term_string"}}],"inLanguage":"es"}]}},"_links":{"self":[{"href":"https:\/\/criteriabcn.com\/es\/wp-json\/wp\/v2\/pages\/20131","targetHints":{"allow":["GET"]}}],"collection":[{"href":"https:\/\/criteriabcn.com\/es\/wp-json\/wp\/v2\/pages"}],"about":[{"href":"https:\/\/criteriabcn.com\/es\/wp-json\/wp\/v2\/types\/page"}],"author":[{"embeddable":true,"href":"https:\/\/criteriabcn.com\/es\/wp-json\/wp\/v2\/users\/3"}],"replies":[{"embeddable":true,"href":"https:\/\/criteriabcn.com\/es\/wp-json\/wp\/v2\/comments?post=20131"}],"version-history":[{"count":4,"href":"https:\/\/criteriabcn.com\/es\/wp-json\/wp\/v2\/pages\/20131\/revisions"}],"predecessor-version":[{"id":21296,"href":"https:\/\/criteriabcn.com\/es\/wp-json\/wp\/v2\/pages\/20131\/revisions\/21296"}],"wp:attachment":[{"href":"https:\/\/criteriabcn.com\/es\/wp-json\/wp\/v2\/media?parent=20131"}],"curies":[{"name":"wp","href":"https:\/\/api.w.org\/{rel}","templated":true}]}}